{"id":2036,"date":"2018-10-09T11:56:15","date_gmt":"2018-10-09T11:56:15","guid":{"rendered":"https:\/\/safetyexpertise.be\/conditions-generales-dutilisation\/"},"modified":"2024-07-30T19:39:19","modified_gmt":"2024-07-30T19:39:19","slug":"conditions-generales-dutilisation","status":"publish","type":"page","link":"https:\/\/safetyexpertise.be\/fr\/conditions-generales-dutilisation\/","title":{"rendered":"Conditions g\u00e9n\u00e9rales d&rsquo;utilisation"},"content":{"rendered":"<h2>CHAMP D&rsquo;APPLICATION<\/h2>\n<p>  Les pr\u00e9sentes conditions g\u00e9n\u00e9rales s&rsquo;appliquent \u00e0 toutes les activit\u00e9s de formation de Safety Expertise bvba (ci-apr\u00e8s d\u00e9nomm\u00e9e \u00ab\u00a0Safety Expertise\u00a0\u00bb).<br \/>\nToute modification apport\u00e9e par le client ne sera pas accept\u00e9e, sauf accord \u00e9crit pr\u00e9alable.<br \/>\nEn concluant une convention de formation avec Safety Expertise, le client d\u00e9clare conna\u00eetre et accepter les pr\u00e9sentes conditions g\u00e9n\u00e9rales.    <\/p>\n<h2>CONDITIONS DE VENTE ET DE SERVICE<\/h2>\n<h3>1. Commande, accord de vente et prestation de services<\/h3>\n<p>  Le client peut toujours demander une offre sans engagement.<br \/>\nLa convention de formation est \u00e9tablie au moyen d&rsquo;une offre sign\u00e9e, d&rsquo;un contrat sign\u00e9 par les deux parties ou d&rsquo;un bon de commande du client accept\u00e9 par \u00e9crit par Safety Expertise.<br \/>\nLa formation correspond au contenu et \u00e0 la dur\u00e9e tels que d\u00e9crits dans l&rsquo;offre accept\u00e9e et sign\u00e9e par le client ou tels que stipul\u00e9s sur le bon de commande.<br \/>\nLa formation se d\u00e9roule sur le lieu de formation d\u00e9termin\u00e9 par le client.<br \/>\nLe client s&rsquo;engage \u00e0 mettre \u00e0 disposition une salle suffisamment spacieuse et efficacement \u00e9quip\u00e9e, y compris tous les accessoires standard n\u00e9cessaires pour dispenser la formation.      <\/p>\n<h3>2. Conditions d&rsquo;annulation<\/h3>\n<p>  Si le client annule une formation programm\u00e9e plus de 10 jours ouvrables avant la date de d\u00e9but fix\u00e9e, Safety Expertise ne facturera pas de frais d&rsquo;annulation.<br \/>\nSi le client annule une formation programm\u00e9e dans les 10 jours ouvrables pr\u00e9c\u00e9dant la date de d\u00e9but fix\u00e9e, Safety Expertise facturera le montant total, \u00e0 l&rsquo;exclusion des frais de d\u00e9placement.<br \/>\nSi le client annule une formation programm\u00e9e le jour m\u00eame de la formation, Safety Expertise facturera le montant total, y compris les frais de d\u00e9placement.<br \/>\nSi la formation ne peut avoir lieu pour cause de force majeure, comme une maladie, un accident ou toute autre circonstance \u00e9chappant \u00e0 la responsabilit\u00e9 de Safety Expertise, Safety Expertise en informera imm\u00e9diatement le client et fixera une nouvelle date de formation en concertation avec le client.<br \/>\nToute forme de force majeure emp\u00eachant la formation pr\u00e9vue ne peut en aucun cas donner lieu au paiement d&rsquo;une quelconque indemnit\u00e9 par Safety Expertise.      <\/p>\n<h3>3. Garanties de qualit\u00e9<\/h3>\n<p>  Safety Expertise confirme que tous les formateurs disposent du contenu et de l&rsquo;expertise didactique requis, notamment gr\u00e2ce \u00e0 la mise \u00e0 jour et au perfectionnement continus de leur formation et de leurs connaissances.<br \/>\nSi le client a des plaintes \u00e0 formuler concernant le formateur ou la formation elle-m\u00eame, il doit en informer imm\u00e9diatement Safety Expertise.<br \/>\nSafety Expertise s&rsquo;engage \u00e0 prendre les mesures n\u00e9cessaires pour examiner ces plaintes, informer le client et prendre les mesures correctives \u00e9ventuelles.    <\/p>\n<h3>4. Les litiges<\/h3>\n<p>  Les pr\u00e9sentes conditions g\u00e9n\u00e9rales sont r\u00e9gies par le droit belge.<br \/>\nTous les litiges rel\u00e8vent de la comp\u00e9tence exclusive des tribunaux respectifs du si\u00e8ge social de Safety Expertise.   <\/p>\n<h2>CONDITIONS DE FACTURATION<\/h2>\n<h3>5. Prix et remises<\/h3>\n<p>  Tous les prix indiqu\u00e9s sur le site web sont les prix officiels hors TVA.<br \/>\nLes modifications de prix sont toujours mentionn\u00e9es imm\u00e9diatement sur le site web et prennent effet \u00e0 partir du moment o\u00f9 elles y sont mentionn\u00e9es, \u00e0 moins qu&rsquo;une autre disposition n&rsquo;ait \u00e9t\u00e9 convenue avec le client au pr\u00e9alable.<br \/>\nLe client ne peut pr\u00e9tendre \u00e0 une livraison \u00e0 d&rsquo;anciens prix s&rsquo;il n&rsquo;a pas eu connaissance de la modification de prix pour quelque raison que ce soit.<br \/>\nSi le paiement apr\u00e8s livraison a \u00e9t\u00e9 stipul\u00e9, Safety Expertise se r\u00e9serve le droit de suspendre les livraisons jusqu&rsquo;\u00e0 ce que, de l&rsquo;avis de Safety Expertise, la solvabilit\u00e9 du client ait \u00e9t\u00e9 suffisamment d\u00e9montr\u00e9e.     <\/p>\n<h3>6. La facture<\/h3>\n<p>  La facture est \u00e9mise d\u00e8s que le(s) stage(s) de formation convenu(s) a\/ont eu lieu.<br \/>\nLe d\u00e9lai de paiement est de 30 jours calendaires \u00e0 compter de la date de facturation, sauf accord contraire.   <\/p>\n<h3>7. Mise en demeure<\/h3>\n<p>  Si le d\u00e9lai de paiement convenu est d\u00e9pass\u00e9, Safety Expertise se r\u00e9serve le droit de facturer des int\u00e9r\u00eats de retard de 5 % par mois \u00e0 compter de la date de facturation.<br \/>\nCes int\u00e9r\u00eats de retard sont calcul\u00e9s sur le montant total de la facture, frais et TVA compris.<br \/>\nSi le d\u00e9lai de paiement convenu de 30 jours calendaires est d\u00e9pass\u00e9 de plus de 30 jours calendaires, Safety Expertise mettra le client en demeure par lettre recommand\u00e9e.<br \/>\nLes frais de cette mise en demeure sont fix\u00e9s \u00e0 250,00 EUR par mise en demeure.     <\/p>\n<h2>D\u00c9CLARATION DE CONFIDENTIALIT\u00c9 : TRAITEMENT DES DONN\u00c9ES PERSONNELLES<\/h2>\n<p>  Cette d\u00e9claration de confidentialit\u00e9 s&rsquo;applique aux services de Safety Expertise.<br \/>\nSafety Expertise respecte la vie priv\u00e9e de tous les prospects, partenaires, clients et participants aux formations et veille \u00e0 ce que toutes les informations fournies soient trait\u00e9es de mani\u00e8re confidentielle.<br \/>\nLes donn\u00e9es personnelles que nous demandons par le biais du formulaire de contact sur le site web sont destin\u00e9es au traitement correct et sans heurts de toute commande ou demande (de devis).<br \/>\nEn remplissant le formulaire de contact, le client accepte que ses donn\u00e9es soient conserv\u00e9es par Safety Expertise.<br \/>\nLorsqu&rsquo;un client nous envoie un e-mail ou d&rsquo;autres messages, ceux-ci peuvent \u00eatre conserv\u00e9s.<br \/>\nIl s&rsquo;agit de courriels que nous utilisons pour collecter des donn\u00e9es pertinentes pour nos services.<br \/>\nNous garantissons ainsi une communication fluide et un traitement correct.<br \/>\nLes donn\u00e9es relatives aux participants aux cours ne sont collect\u00e9es qu&rsquo;\u00e0 des fins d&rsquo;attestation et de contr\u00f4le de la qualit\u00e9.<br \/>\nLa participation \u00e0 un cours de formation dispens\u00e9 par Safety Expertise implique que le participant au cours accepte de fournir ses donn\u00e9es personnelles.<br \/>\nSafety Expertise stocke les donn\u00e9es personnelles conform\u00e9ment au R\u00e8glement g\u00e9n\u00e9ral sur la protection des donn\u00e9es &#8211; AVG (en anglais GDPR).<br \/>\nCela signifie, entre autres, que les clients doivent donner leur accord pour que leurs donn\u00e9es soient conserv\u00e9es, qu&rsquo;ils peuvent les consulter \u00e0 tout moment et qu&rsquo;ils peuvent se d\u00e9sinscrire de nos bases de donn\u00e9es.<br \/>\nLes donn\u00e9es des clients, des participants aux cours et des autres contacts sont partag\u00e9es en interne.<br \/>\nTous nos employ\u00e9s et formateurs sont tenus de respecter la confidentialit\u00e9 de ces donn\u00e9es.<br \/>\nLes donn\u00e9es des clients et des participants aux cours ne sont communiqu\u00e9es \u00e0 des tiers que dans le cadre des cours de formation que nous proposons.<br \/>\nCela concerne principalement le centre de formation avec lequel le client travaille.<br \/>\nIls ont \u00e9t\u00e9 inform\u00e9s de notre politique de confidentialit\u00e9 et doivent la respecter.<br \/>\nToutefois, nous ne sommes pas responsables s&rsquo;ils traitent ou stockent ces donn\u00e9es diff\u00e9remment.<br \/>\nNous ne collaborons qu&rsquo;avec des centres de formation situ\u00e9s dans le Benelux.<br \/>\nLes donn\u00e9es de tiers sont conserv\u00e9es pendant 5 ans au maximum.<br \/>\nSi vous souhaitez modifier ou supprimer vos donn\u00e9es de nos fichiers, veuillez nous contacter \u00e0 l&rsquo;adresse <a href=\"\">info@safetyexpertise.be<\/a> ou au (+32) 02 259 82 71.<br \/>\nLe responsable de la politique de confidentialit\u00e9 de Safety Expertise est Kobe Ramaekers, business manager, que vous pouvez joindre au num\u00e9ro de t\u00e9l\u00e9phone susmentionn\u00e9.                    <\/p>\n","protected":false},"excerpt":{"rendered":"<p>CHAMP D&rsquo;APPLICATION Les pr\u00e9sentes conditions g\u00e9n\u00e9rales s&rsquo;appliquent \u00e0 toutes les activit\u00e9s de formation de Safety Expertise bvba (ci-apr\u00e8s d\u00e9nomm\u00e9e \u00ab\u00a0Safety Expertise\u00a0\u00bb). Toute modification apport\u00e9e par le client ne sera pas accept\u00e9e, sauf accord \u00e9crit pr\u00e9alable. En concluant une convention de formation avec Safety Expertise, le client d\u00e9clare conna\u00eetre et accepter les pr\u00e9sentes conditions g\u00e9n\u00e9rales. CONDITIONS &hellip; <a href=\"https:\/\/safetyexpertise.be\/fr\/conditions-generales-dutilisation\/\" class=\"more-link\">Continue reading <span class=\"screen-reader-text\">Conditions g\u00e9n\u00e9rales d&rsquo;utilisation<\/span><\/a><\/p>\n","protected":false},"author":1,"featured_media":0,"parent":0,"menu_order":8,"comment_status":"closed","ping_status":"closed","template":"template-legal.php","meta":{"footnotes":""},"class_list":["post-2036","page","type-page","status-publish","hentry"],"acf":[],"yoast_head":"<!-- This site is optimized with the Yoast SEO plugin v25.5 - https:\/\/yoast.com\/wordpress\/plugins\/seo\/ -->\n<title>Conditions g\u00e9n\u00e9rales d&#039;utilisation - Safety Expertise<\/title>\n<meta name=\"robots\" content=\"noindex, nofollow\" \/>\n<meta property=\"og:locale\" content=\"fr_FR\" \/>\n<meta property=\"og:type\" content=\"article\" \/>\n<meta property=\"og:title\" content=\"Conditions g\u00e9n\u00e9rales d&#039;utilisation - Safety Expertise\" \/>\n<meta property=\"og:description\" content=\"CHAMP D&rsquo;APPLICATION Les pr\u00e9sentes conditions g\u00e9n\u00e9rales s&rsquo;appliquent \u00e0 toutes les activit\u00e9s de formation de Safety Expertise bvba (ci-apr\u00e8s d\u00e9nomm\u00e9e \u00ab\u00a0Safety Expertise\u00a0\u00bb). Toute modification apport\u00e9e par le client ne sera pas accept\u00e9e, sauf accord \u00e9crit pr\u00e9alable. En concluant une convention de formation avec Safety Expertise, le client d\u00e9clare conna\u00eetre et accepter les pr\u00e9sentes conditions g\u00e9n\u00e9rales. CONDITIONS &hellip; Continue reading Conditions g\u00e9n\u00e9rales d&rsquo;utilisation\" \/>\n<meta property=\"og:url\" content=\"https:\/\/safetyexpertise.be\/fr\/conditions-generales-dutilisation\/\" \/>\n<meta property=\"og:site_name\" content=\"Safety Expertise\" \/>\n<meta property=\"article:modified_time\" content=\"2024-07-30T19:39:19+00:00\" \/>\n<meta name=\"twitter:card\" content=\"summary_large_image\" \/>\n<meta name=\"twitter:label1\" content=\"Dur\u00e9e de lecture estim\u00e9e\" \/>\n\t<meta name=\"twitter:data1\" content=\"6 minutes\" \/>\n<script type=\"application\/ld+json\" class=\"yoast-schema-graph\">{\"@context\":\"https:\/\/schema.org\",\"@graph\":[{\"@type\":\"WebPage\",\"@id\":\"https:\/\/safetyexpertise.be\/fr\/conditions-generales-dutilisation\/\",\"url\":\"https:\/\/safetyexpertise.be\/fr\/conditions-generales-dutilisation\/\",\"name\":\"Conditions g\u00e9n\u00e9rales d'utilisation - Safety Expertise\",\"isPartOf\":{\"@id\":\"https:\/\/safetyexpertise.be\/fr\/#website\"},\"datePublished\":\"2018-10-09T11:56:15+00:00\",\"dateModified\":\"2024-07-30T19:39:19+00:00\",\"breadcrumb\":{\"@id\":\"https:\/\/safetyexpertise.be\/fr\/conditions-generales-dutilisation\/#breadcrumb\"},\"inLanguage\":\"fr-FR\",\"potentialAction\":[{\"@type\":\"ReadAction\",\"target\":[\"https:\/\/safetyexpertise.be\/fr\/conditions-generales-dutilisation\/\"]}]},{\"@type\":\"BreadcrumbList\",\"@id\":\"https:\/\/safetyexpertise.be\/fr\/conditions-generales-dutilisation\/#breadcrumb\",\"itemListElement\":[{\"@type\":\"ListItem\",\"position\":1,\"name\":\"Home\",\"item\":\"https:\/\/safetyexpertise.be\/fr\/\"},{\"@type\":\"ListItem\",\"position\":2,\"name\":\"Conditions g\u00e9n\u00e9rales d&rsquo;utilisation\"}]},{\"@type\":\"WebSite\",\"@id\":\"https:\/\/safetyexpertise.be\/fr\/#website\",\"url\":\"https:\/\/safetyexpertise.be\/fr\/\",\"name\":\"Safety Expertise\",\"description\":\"Een Safety-coach voor uw organisatie!\",\"potentialAction\":[{\"@type\":\"SearchAction\",\"target\":{\"@type\":\"EntryPoint\",\"urlTemplate\":\"https:\/\/safetyexpertise.be\/fr\/?s={search_term_string}\"},\"query-input\":{\"@type\":\"PropertyValueSpecification\",\"valueRequired\":true,\"valueName\":\"search_term_string\"}}],\"inLanguage\":\"fr-FR\"}]}<\/script>\n<!-- \/ Yoast SEO plugin. -->","yoast_head_json":{"title":"Conditions g\u00e9n\u00e9rales d'utilisation - Safety Expertise","robots":{"index":"noindex","follow":"nofollow"},"og_locale":"fr_FR","og_type":"article","og_title":"Conditions g\u00e9n\u00e9rales d'utilisation - Safety Expertise","og_description":"CHAMP D&rsquo;APPLICATION Les pr\u00e9sentes conditions g\u00e9n\u00e9rales s&rsquo;appliquent \u00e0 toutes les activit\u00e9s de formation de Safety Expertise bvba (ci-apr\u00e8s d\u00e9nomm\u00e9e \u00ab\u00a0Safety Expertise\u00a0\u00bb). Toute modification apport\u00e9e par le client ne sera pas accept\u00e9e, sauf accord \u00e9crit pr\u00e9alable. En concluant une convention de formation avec Safety Expertise, le client d\u00e9clare conna\u00eetre et accepter les pr\u00e9sentes conditions g\u00e9n\u00e9rales. CONDITIONS &hellip; Continue reading Conditions g\u00e9n\u00e9rales d&rsquo;utilisation","og_url":"https:\/\/safetyexpertise.be\/fr\/conditions-generales-dutilisation\/","og_site_name":"Safety Expertise","article_modified_time":"2024-07-30T19:39:19+00:00","twitter_card":"summary_large_image","twitter_misc":{"Dur\u00e9e de lecture estim\u00e9e":"6 minutes"},"schema":{"@context":"https:\/\/schema.org","@graph":[{"@type":"WebPage","@id":"https:\/\/safetyexpertise.be\/fr\/conditions-generales-dutilisation\/","url":"https:\/\/safetyexpertise.be\/fr\/conditions-generales-dutilisation\/","name":"Conditions g\u00e9n\u00e9rales d'utilisation - Safety Expertise","isPartOf":{"@id":"https:\/\/safetyexpertise.be\/fr\/#website"},"datePublished":"2018-10-09T11:56:15+00:00","dateModified":"2024-07-30T19:39:19+00:00","breadcrumb":{"@id":"https:\/\/safetyexpertise.be\/fr\/conditions-generales-dutilisation\/#breadcrumb"},"inLanguage":"fr-FR","potentialAction":[{"@type":"ReadAction","target":["https:\/\/safetyexpertise.be\/fr\/conditions-generales-dutilisation\/"]}]},{"@type":"BreadcrumbList","@id":"https:\/\/safetyexpertise.be\/fr\/conditions-generales-dutilisation\/#breadcrumb","itemListElement":[{"@type":"ListItem","position":1,"name":"Home","item":"https:\/\/safetyexpertise.be\/fr\/"},{"@type":"ListItem","position":2,"name":"Conditions g\u00e9n\u00e9rales d&rsquo;utilisation"}]},{"@type":"WebSite","@id":"https:\/\/safetyexpertise.be\/fr\/#website","url":"https:\/\/safetyexpertise.be\/fr\/","name":"Safety Expertise","description":"Een Safety-coach voor uw organisatie!","potentialAction":[{"@type":"SearchAction","target":{"@type":"EntryPoint","urlTemplate":"https:\/\/safetyexpertise.be\/fr\/?s={search_term_string}"},"query-input":{"@type":"PropertyValueSpecification","valueRequired":true,"valueName":"search_term_string"}}],"inLanguage":"fr-FR"}]}},"_links":{"self":[{"href":"https:\/\/safetyexpertise.be\/fr\/wp-json\/wp\/v2\/pages\/2036","targetHints":{"allow":["GET"]}}],"collection":[{"href":"https:\/\/safetyexpertise.be\/fr\/wp-json\/wp\/v2\/pages"}],"about":[{"href":"https:\/\/safetyexpertise.be\/fr\/wp-json\/wp\/v2\/types\/page"}],"author":[{"embeddable":true,"href":"https:\/\/safetyexpertise.be\/fr\/wp-json\/wp\/v2\/users\/1"}],"replies":[{"embeddable":true,"href":"https:\/\/safetyexpertise.be\/fr\/wp-json\/wp\/v2\/comments?post=2036"}],"version-history":[{"count":2,"href":"https:\/\/safetyexpertise.be\/fr\/wp-json\/wp\/v2\/pages\/2036\/revisions"}],"predecessor-version":[{"id":2230,"href":"https:\/\/safetyexpertise.be\/fr\/wp-json\/wp\/v2\/pages\/2036\/revisions\/2230"}],"wp:attachment":[{"href":"https:\/\/safetyexpertise.be\/fr\/wp-json\/wp\/v2\/media?parent=2036"}],"curies":[{"name":"wp","href":"https:\/\/api.w.org\/{rel}","templated":true}]}}