{"id":2000,"date":"2018-07-13T12:28:15","date_gmt":"2018-07-13T12:28:15","guid":{"rendered":"https:\/\/safetyexpertise.be\/calendrier-de-formation\/"},"modified":"2024-07-30T19:39:18","modified_gmt":"2024-07-30T19:39:18","slug":"calendrier-de-formation","status":"publish","type":"page","link":"https:\/\/safetyexpertise.be\/fr\/calendrier-de-formation\/","title":{"rendered":"Calendrier de formation"},"content":{"rendered":"","protected":false},"excerpt":{"rendered":"","protected":false},"author":1,"featured_media":1263,"parent":0,"menu_order":2,"comment_status":"closed","ping_status":"closed","template":"template-kalender.php","meta":{"footnotes":""},"class_list":["post-2000","page","type-page","status-publish","has-post-thumbnail","hentry"],"acf":[],"yoast_head":"<!-- This site is optimized with the Yoast SEO plugin v25.5 - https:\/\/yoast.com\/wordpress\/plugins\/seo\/ -->\n<title>Calendrier de formation - Safety Expertise<\/title>\n<meta name=\"description\" content=\"Ce calendrier vous donnera un aper\u00e7u de notre offre de formations ouvertes en mati\u00e8re de s\u00e9curit\u00e9.\" \/>\n<meta name=\"robots\" content=\"index, follow, max-snippet:-1, max-image-preview:large, max-video-preview:-1\" \/>\n<link rel=\"canonical\" href=\"https:\/\/safetyexpertise.be\/fr\/calendrier-de-formation\/\" \/>\n<meta property=\"og:locale\" content=\"fr_FR\" \/>\n<meta property=\"og:type\" content=\"article\" \/>\n<meta property=\"og:title\" content=\"Calendrier de formation - Safety Expertise\" \/>\n<meta property=\"og:description\" content=\"Ce calendrier vous donnera un aper\u00e7u de notre offre de formations ouvertes en mati\u00e8re de s\u00e9curit\u00e9.\" \/>\n<meta property=\"og:url\" content=\"https:\/\/safetyexpertise.be\/fr\/calendrier-de-formation\/\" \/>\n<meta property=\"og:site_name\" content=\"Safety Expertise\" \/>\n<meta property=\"article:modified_time\" content=\"2024-07-30T19:39:18+00:00\" \/>\n<meta property=\"og:image\" content=\"https:\/\/safetyexpertise.be\/v1\/wp-content\/uploads\/2018\/07\/Cursus-Eerste-Hulp-45.jpg\" \/>\n\t<meta property=\"og:image:width\" content=\"1620\" \/>\n\t<meta property=\"og:image:height\" content=\"1080\" \/>\n\t<meta property=\"og:image:type\" content=\"image\/jpeg\" \/>\n<meta name=\"twitter:card\" content=\"summary_large_image\" \/>\n<script type=\"application\/ld+json\" class=\"yoast-schema-graph\">{\"@context\":\"https:\/\/schema.org\",\"@graph\":[{\"@type\":\"WebPage\",\"@id\":\"https:\/\/safetyexpertise.be\/fr\/calendrier-de-formation\/\",\"url\":\"https:\/\/safetyexpertise.be\/fr\/calendrier-de-formation\/\",\"name\":\"Calendrier de formation - Safety Expertise\",\"isPartOf\":{\"@id\":\"https:\/\/safetyexpertise.be\/fr\/#website\"},\"primaryImageOfPage\":{\"@id\":\"https:\/\/safetyexpertise.be\/fr\/calendrier-de-formation\/#primaryimage\"},\"image\":{\"@id\":\"https:\/\/safetyexpertise.be\/fr\/calendrier-de-formation\/#primaryimage\"},\"thumbnailUrl\":\"https:\/\/safetyexpertise.be\/v1\/wp-content\/uploads\/2018\/07\/Cursus-Eerste-Hulp-45.jpg\",\"datePublished\":\"2018-07-13T12:28:15+00:00\",\"dateModified\":\"2024-07-30T19:39:18+00:00\",\"description\":\"Ce calendrier vous donnera un aper\u00e7u de notre offre de formations ouvertes en mati\u00e8re de s\u00e9curit\u00e9.\",\"breadcrumb\":{\"@id\":\"https:\/\/safetyexpertise.be\/fr\/calendrier-de-formation\/#breadcrumb\"},\"inLanguage\":\"fr-FR\",\"potentialAction\":[{\"@type\":\"ReadAction\",\"target\":[\"https:\/\/safetyexpertise.be\/fr\/calendrier-de-formation\/\"]}]},{\"@type\":\"ImageObject\",\"inLanguage\":\"fr-FR\",\"@id\":\"https:\/\/safetyexpertise.be\/fr\/calendrier-de-formation\/#primaryimage\",\"url\":\"https:\/\/safetyexpertise.be\/v1\/wp-content\/uploads\/2018\/07\/Cursus-Eerste-Hulp-45.jpg\",\"contentUrl\":\"https:\/\/safetyexpertise.be\/v1\/wp-content\/uploads\/2018\/07\/Cursus-Eerste-Hulp-45.jpg\",\"width\":\"1620\",\"height\":\"1080\",\"caption\":\"Foto's eerste hulp\"},{\"@type\":\"BreadcrumbList\",\"@id\":\"https:\/\/safetyexpertise.be\/fr\/calendrier-de-formation\/#breadcrumb\",\"itemListElement\":[{\"@type\":\"ListItem\",\"position\":1,\"name\":\"Home\",\"item\":\"https:\/\/safetyexpertise.be\/fr\/\"},{\"@type\":\"ListItem\",\"position\":2,\"name\":\"Calendrier de formation\"}]},{\"@type\":\"WebSite\",\"@id\":\"https:\/\/safetyexpertise.be\/fr\/#website\",\"url\":\"https:\/\/safetyexpertise.be\/fr\/\",\"name\":\"Safety Expertise\",\"description\":\"Een Safety-coach voor uw organisatie!\",\"potentialAction\":[{\"@type\":\"SearchAction\",\"target\":{\"@type\":\"EntryPoint\",\"urlTemplate\":\"https:\/\/safetyexpertise.be\/fr\/?s={search_term_string}\"},\"query-input\":{\"@type\":\"PropertyValueSpecification\",\"valueRequired\":true,\"valueName\":\"search_term_string\"}}],\"inLanguage\":\"fr-FR\"}]}<\/script>\n<!-- \/ Yoast SEO plugin. -->","yoast_head_json":{"title":"Calendrier de formation - Safety Expertise","description":"Ce calendrier vous donnera un aper\u00e7u de notre offre de formations ouvertes en mati\u00e8re de s\u00e9curit\u00e9.","robots":{"index":"index","follow":"follow","max-snippet":"max-snippet:-1","max-image-preview":"max-image-preview:large","max-video-preview":"max-video-preview:-1"},"canonical":"https:\/\/safetyexpertise.be\/fr\/calendrier-de-formation\/","og_locale":"fr_FR","og_type":"article","og_title":"Calendrier de formation - Safety Expertise","og_description":"Ce calendrier vous donnera un aper\u00e7u de notre offre de formations ouvertes en mati\u00e8re de s\u00e9curit\u00e9.","og_url":"https:\/\/safetyexpertise.be\/fr\/calendrier-de-formation\/","og_site_name":"Safety Expertise","article_modified_time":"2024-07-30T19:39:18+00:00","og_image":[{"width":1620,"height":1080,"url":"https:\/\/safetyexpertise.be\/v1\/wp-content\/uploads\/2018\/07\/Cursus-Eerste-Hulp-45.jpg","type":"image\/jpeg"}],"twitter_card":"summary_large_image","schema":{"@context":"https:\/\/schema.org","@graph":[{"@type":"WebPage","@id":"https:\/\/safetyexpertise.be\/fr\/calendrier-de-formation\/","url":"https:\/\/safetyexpertise.be\/fr\/calendrier-de-formation\/","name":"Calendrier de formation - Safety Expertise","isPartOf":{"@id":"https:\/\/safetyexpertise.be\/fr\/#website"},"primaryImageOfPage":{"@id":"https:\/\/safetyexpertise.be\/fr\/calendrier-de-formation\/#primaryimage"},"image":{"@id":"https:\/\/safetyexpertise.be\/fr\/calendrier-de-formation\/#primaryimage"},"thumbnailUrl":"https:\/\/safetyexpertise.be\/v1\/wp-content\/uploads\/2018\/07\/Cursus-Eerste-Hulp-45.jpg","datePublished":"2018-07-13T12:28:15+00:00","dateModified":"2024-07-30T19:39:18+00:00","description":"Ce calendrier vous donnera un aper\u00e7u de notre offre de formations ouvertes en mati\u00e8re de s\u00e9curit\u00e9.","breadcrumb":{"@id":"https:\/\/safetyexpertise.be\/fr\/calendrier-de-formation\/#breadcrumb"},"inLanguage":"fr-FR","potentialAction":[{"@type":"ReadAction","target":["https:\/\/safetyexpertise.be\/fr\/calendrier-de-formation\/"]}]},{"@type":"ImageObject","inLanguage":"fr-FR","@id":"https:\/\/safetyexpertise.be\/fr\/calendrier-de-formation\/#primaryimage","url":"https:\/\/safetyexpertise.be\/v1\/wp-content\/uploads\/2018\/07\/Cursus-Eerste-Hulp-45.jpg","contentUrl":"https:\/\/safetyexpertise.be\/v1\/wp-content\/uploads\/2018\/07\/Cursus-Eerste-Hulp-45.jpg","width":"1620","height":"1080","caption":"Foto's eerste hulp"},{"@type":"BreadcrumbList","@id":"https:\/\/safetyexpertise.be\/fr\/calendrier-de-formation\/#breadcrumb","itemListElement":[{"@type":"ListItem","position":1,"name":"Home","item":"https:\/\/safetyexpertise.be\/fr\/"},{"@type":"ListItem","position":2,"name":"Calendrier de formation"}]},{"@type":"WebSite","@id":"https:\/\/safetyexpertise.be\/fr\/#website","url":"https:\/\/safetyexpertise.be\/fr\/","name":"Safety Expertise","description":"Een Safety-coach voor uw organisatie!","potentialAction":[{"@type":"SearchAction","target":{"@type":"EntryPoint","urlTemplate":"https:\/\/safetyexpertise.be\/fr\/?s={search_term_string}"},"query-input":{"@type":"PropertyValueSpecification","valueRequired":true,"valueName":"search_term_string"}}],"inLanguage":"fr-FR"}]}},"_links":{"self":[{"href":"https:\/\/safetyexpertise.be\/fr\/wp-json\/wp\/v2\/pages\/2000","targetHints":{"allow":["GET"]}}],"collection":[{"href":"https:\/\/safetyexpertise.be\/fr\/wp-json\/wp\/v2\/pages"}],"about":[{"href":"https:\/\/safetyexpertise.be\/fr\/wp-json\/wp\/v2\/types\/page"}],"author":[{"embeddable":true,"href":"https:\/\/safetyexpertise.be\/fr\/wp-json\/wp\/v2\/users\/1"}],"replies":[{"embeddable":true,"href":"https:\/\/safetyexpertise.be\/fr\/wp-json\/wp\/v2\/comments?post=2000"}],"version-history":[{"count":1,"href":"https:\/\/safetyexpertise.be\/fr\/wp-json\/wp\/v2\/pages\/2000\/revisions"}],"predecessor-version":[{"id":2004,"href":"https:\/\/safetyexpertise.be\/fr\/wp-json\/wp\/v2\/pages\/2000\/revisions\/2004"}],"wp:featuredmedia":[{"embeddable":true,"href":"https:\/\/safetyexpertise.be\/fr\/wp-json\/wp\/v2\/media\/1263"}],"wp:attachment":[{"href":"https:\/\/safetyexpertise.be\/fr\/wp-json\/wp\/v2\/media?parent=2000"}],"curies":[{"name":"wp","href":"https:\/\/api.w.org\/{rel}","templated":true}]}}